{"id":7157,"date":"2023-01-04T12:16:23","date_gmt":"2023-01-04T12:16:23","guid":{"rendered":"https:\/\/saint.groupdpo.com\/inicio\/seguranca\/"},"modified":"2025-01-29T16:15:51","modified_gmt":"2025-01-29T16:15:51","slug":"seguranca","status":"publish","type":"page","link":"https:\/\/saint.groupdpo.com\/pt-pt\/inicio\/seguranca\/","title":{"rendered":"Seguran\u00e7a"},"content":{"rendered":"<p>[et_pb_section fb_built=&#8221;1&#8243; _builder_version=&#8221;4.20.0&#8243; _module_preset=&#8221;default&#8221; background_color=&#8221;#ededed&#8221; min_height=&#8221;100vh&#8221; custom_padding=&#8221;195px||||false|false&#8221; global_colors_info=&#8221;{}&#8221; theme_builder_area=&#8221;post_content&#8221;][et_pb_row _builder_version=&#8221;4.19.4&#8243; _module_preset=&#8221;default&#8221; max_width=&#8221;1380px&#8221; custom_margin=&#8221;|auto||auto|false|false&#8221; locked=&#8221;off&#8221; global_colors_info=&#8221;{}&#8221; theme_builder_area=&#8221;post_content&#8221;][et_pb_column type=&#8221;4_4&#8243; _builder_version=&#8221;4.16&#8243; _module_preset=&#8221;default&#8221; global_colors_info=&#8221;{}&#8221; theme_builder_area=&#8221;post_content&#8221;][et_pb_text disabled_on=&#8221;off|off|off&#8221; _builder_version=&#8221;4.20.0&#8243; _module_preset=&#8221;default&#8221; text_font=&#8221;|300|||||||&#8221; text_text_color=&#8221;#FFFFFF&#8221; text_font_size=&#8221;22px&#8221; header_font=&#8221;Alata|700|||||||&#8221; header_text_color=&#8221;#7C1111&#8243; header_font_size=&#8221;62px&#8221; header_line_height=&#8221;1.5em&#8221; header_2_font=&#8221;Montserrat|700|||||||&#8221; header_2_text_color=&#8221;#3278ad&#8221; header_2_font_size=&#8221;55px&#8221; header_2_line_height=&#8221;1.5em&#8221; custom_margin=&#8221;||1px|||&#8221; header_font_tablet=&#8221;&#8221; header_font_phone=&#8221;&#8221; header_font_last_edited=&#8221;on|tablet&#8221; header_font_size_tablet=&#8221;62px&#8221; header_font_size_phone=&#8221;52px&#8221; header_font_size_last_edited=&#8221;on|phone&#8221; header_2_font_size_tablet=&#8221;45px&#8221; header_2_font_size_phone=&#8221;45px&#8221; header_2_font_size_last_edited=&#8221;on|phone&#8221; global_colors_info=&#8221;{}&#8221; theme_builder_area=&#8221;post_content&#8221;]<\/p>\n<h2>Respons\u00e1vel de Ciberseguran\u00e7a<\/h2>\n<p>&nbsp;[\/et_pb_text][et_pb_text _builder_version=&#8221;4.27.2&#8243; _module_preset=&#8221;default&#8221; text_font=&#8221;|300|||||||&#8221; text_text_color=&#8221;#6d6d6d&#8221; text_font_size=&#8221;18px&#8221; header_font=&#8221;Alata|700|||||||&#8221; header_text_color=&#8221;#7C1111&#8243; header_font_size=&#8221;62px&#8221; header_line_height=&#8221;1.5em&#8221; header_2_font=&#8221;Montserrat|700|||||||&#8221; header_2_text_color=&#8221;#3278ad&#8221; header_2_font_size=&#8221;55px&#8221; header_2_line_height=&#8221;1.5em&#8221; custom_margin=&#8221;||1px|||&#8221; hover_enabled=&#8221;0&#8243; header_font_tablet=&#8221;&#8221; header_font_phone=&#8221;&#8221; header_font_last_edited=&#8221;on|tablet&#8221; header_font_size_tablet=&#8221;62px&#8221; header_font_size_phone=&#8221;52px&#8221; header_font_size_last_edited=&#8221;on|phone&#8221; header_2_font_size_tablet=&#8221;45px&#8221; header_2_font_size_phone=&#8221;45px&#8221; header_2_font_size_last_edited=&#8221;on|phone&#8221; locked=&#8221;off&#8221; global_colors_info=&#8221;{}&#8221; theme_builder_area=&#8221;post_content&#8221; sticky_enabled=&#8221;0&#8243;]<\/p>\n<p>Demonstrando o compromisso da SAINT em garantir a Seguran\u00e7a da Informa\u00e7\u00e3o, consulte aqui os Procedimentos de Seguran\u00e7a e Pontos de Contacto Permanentes dispon\u00edveis.<\/p>\n<p>[\/et_pb_text][\/et_pb_column][\/et_pb_row][et_pb_row column_structure=&#8221;1_4,1_4,1_4,1_4&#8243; use_custom_gutter=&#8221;on&#8221; gutter_width=&#8221;1&#8243; custom_padding_last_edited=&#8221;on|phone&#8221; _builder_version=&#8221;4.19.4&#8243; _module_preset=&#8221;default&#8221; max_width=&#8221;1380px&#8221; custom_padding=&#8221;146px|||||&#8221; custom_padding_tablet=&#8221;85px||||false|false&#8221; custom_padding_phone=&#8221;85px||||false|false&#8221; locked=&#8221;off&#8221; global_colors_info=&#8221;{}&#8221; theme_builder_area=&#8221;post_content&#8221;][et_pb_column type=&#8221;1_4&#8243; _builder_version=&#8221;4.16&#8243; _module_preset=&#8221;default&#8221; global_colors_info=&#8221;{}&#8221; theme_builder_area=&#8221;post_content&#8221;][et_pb_blurb title=&#8221;Normas&#8221; url_new_window=&#8221;on&#8221; use_icon=&#8221;on&#8221; font_icon=&#8221;&#xf505;||fa||900&#8243; icon_color=&#8221;#74a6da&#8221; image_icon_width=&#8221;38px&#8221; content_max_width=&#8221;100%&#8221; _builder_version=&#8221;4.27.2&#8243; _module_preset=&#8221;default&#8221; header_font=&#8221;Montserrat||||||||&#8221; header_text_align=&#8221;center&#8221; header_text_color=&#8221;#6d6d6d&#8221; header_font_size=&#8221;20px&#8221; body_font=&#8221;|300|||||||&#8221; body_text_align=&#8221;center&#8221; transform_scale_linked=&#8221;off&#8221; module_alignment=&#8221;center&#8221; link_option_url_new_window=&#8221;on&#8221; custom_css_blurb_content=&#8221;width:440px;&#8221; global_colors_info=&#8221;{}&#8221; custom_css_blurb_content_tablet=&#8221;width:auto;&#8221; custom_css_blurb_content_phone=&#8221;width:auto;&#8221; custom_css_blurb_content_last_edited=&#8221;on|phone&#8221; theme_builder_area=&#8221;post_content&#8221;]<\/p>\n<p><strong>Normas internas<\/strong><br \/>Normas de Seguran\u00e7a da Informa\u00e7\u00e3o e Ciberseguran\u00e7a.<\/p>\n<p>[\/et_pb_blurb][\/et_pb_column][et_pb_column type=&#8221;1_4&#8243; _builder_version=&#8221;4.16&#8243; _module_preset=&#8221;default&#8221; global_colors_info=&#8221;{}&#8221; theme_builder_area=&#8221;post_content&#8221;][et_pb_blurb title=&#8221;Formul\u00e1rio&#8221; url_new_window=&#8221;on&#8221; use_icon=&#8221;on&#8221; font_icon=&#8221;&#xf0ac;||fa||900&#8243; icon_color=&#8221;#74a6da&#8221; image_icon_width=&#8221;38px&#8221; content_max_width=&#8221;100%&#8221; _builder_version=&#8221;4.27.2&#8243; _module_preset=&#8221;default&#8221; header_font=&#8221;Montserrat||||||||&#8221; header_text_align=&#8221;center&#8221; header_text_color=&#8221;#6d6d6d&#8221; header_font_size=&#8221;20px&#8221; body_font=&#8221;|300|||||||&#8221; body_text_align=&#8221;center&#8221; transform_scale_linked=&#8221;off&#8221; module_alignment=&#8221;center&#8221; link_option_url_new_window=&#8221;on&#8221; custom_css_main_element=&#8221;width:300px;&#8221; custom_css_blurb_content=&#8221;width:440px;&#8221; global_colors_info=&#8221;{}&#8221; custom_css_main_element__hover_enabled=&#8221;on|desktop&#8221; custom_css_main_element_last_edited=&#8221;on|desktop&#8221; custom_css_main_element_tablet=&#8221;width:auto;&#8221; custom_css_main_element__hover=&#8221;width:300px;&#8221; custom_css_main_element_phone=&#8221;width:auto;&#8221; custom_css_blurb_content_tablet=&#8221;width:auto;&#8221; custom_css_blurb_content_phone=&#8221;width:auto;&#8221; custom_css_blurb_content_last_edited=&#8221;on|phone&#8221; theme_builder_area=&#8221;post_content&#8221;]<\/p>\n<p><strong>Formul\u00e1rio<\/strong><br \/>Formul\u00e1rio para Comunica\u00e7\u00e3o de Incidentes de Seguran\u00e7a ou de Ciberseguran\u00e7a.<\/p>\n<p>[\/et_pb_blurb][\/et_pb_column][et_pb_column type=&#8221;1_4&#8243; _builder_version=&#8221;4.16&#8243; _module_preset=&#8221;default&#8221; global_colors_info=&#8221;{}&#8221; theme_builder_area=&#8221;post_content&#8221;][et_pb_blurb title=&#8221;Telefone&#8221; url_new_window=&#8221;on&#8221; use_icon=&#8221;on&#8221; font_icon=&#8221;&#xe090;||divi||400&#8243; icon_color=&#8221;#74a6da&#8221; image_icon_width=&#8221;38px&#8221; content_max_width=&#8221;100%&#8221; _builder_version=&#8221;4.27.2&#8243; _module_preset=&#8221;default&#8221; header_font=&#8221;Montserrat||||||||&#8221; header_text_align=&#8221;center&#8221; header_text_color=&#8221;#6d6d6d&#8221; header_font_size=&#8221;20px&#8221; body_font=&#8221;|300|||||||&#8221; body_text_align=&#8221;center&#8221; transform_scale_linked=&#8221;off&#8221; module_alignment=&#8221;center&#8221; custom_css_blurb_content=&#8221;width:440px;&#8221; global_colors_info=&#8221;{}&#8221; custom_css_blurb_content_tablet=&#8221;width:auto;&#8221; custom_css_blurb_content_phone=&#8221;width:auto;&#8221; custom_css_blurb_content_last_edited=&#8221;on|phone&#8221; theme_builder_area=&#8221;post_content&#8221;]<strong>[Telephone]<\/strong> Telefone do Ponto de Contacto Permanente para a Seguran\u00e7a.[\/et_pb_blurb][\/et_pb_column][et_pb_column type=&#8221;1_4&#8243; _builder_version=&#8221;4.16&#8243; _module_preset=&#8221;default&#8221; global_colors_info=&#8221;{}&#8221; theme_builder_area=&#8221;post_content&#8221;][et_pb_blurb title=&#8221;Correio Eletr\u00f3nico&#8221; url_new_window=&#8221;on&#8221; use_icon=&#8221;on&#8221; font_icon=&#8221;&#xf0e0;||fa||900&#8243; icon_color=&#8221;#74a6da&#8221; image_icon_width=&#8221;38px&#8221; content_max_width=&#8221;100%&#8221; _builder_version=&#8221;4.27.2&#8243; _module_preset=&#8221;default&#8221; header_font=&#8221;Montserrat||||||||&#8221; header_text_align=&#8221;center&#8221; header_text_color=&#8221;#6d6d6d&#8221; header_font_size=&#8221;20px&#8221; body_font=&#8221;|300|||||||&#8221; body_text_align=&#8221;center&#8221; transform_scale_linked=&#8221;off&#8221; module_alignment=&#8221;center&#8221; custom_css_blurb_content=&#8221;width:440px;&#8221; global_colors_info=&#8221;{}&#8221; custom_css_main_element_last_edited=&#8221;on|desktop&#8221; custom_css_main_element_tablet=&#8221;width:auto;&#8221; custom_css_blurb_content_last_edited=&#8221;on|phone&#8221; custom_css_blurb_content_tablet=&#8221;width:auto;&#8221; custom_css_main_element_phone=&#8221;width:auto;&#8221; custom_css_blurb_content_phone=&#8221;width:auto;&#8221; theme_builder_area=&#8221;post_content&#8221;]<\/p>\n<p><strong>[Email]<\/strong><br \/> Correio Eletr\u00f3nico do Ponto de Contacto Permanente para a Seguran\u00e7a.<\/p>\n<p>[\/et_pb_blurb][\/et_pb_column][\/et_pb_row][\/et_pb_section]<\/p>\n","protected":false},"excerpt":{"rendered":"<p>Respons\u00e1vel de Ciberseguran\u00e7a &nbsp;Demonstrando o compromisso da SAINT em garantir a Seguran\u00e7a da Informa\u00e7\u00e3o, consulte aqui os Procedimentos de Seguran\u00e7a e Pontos de Contacto Permanentes dispon\u00edveis.Normas internasNormas de Seguran\u00e7a da Informa\u00e7\u00e3o e Ciberseguran\u00e7a.Formul\u00e1rioFormul\u00e1rio para Comunica\u00e7\u00e3o de Incidentes de Seguran\u00e7a ou de Ciberseguran\u00e7a.[Telephone] Telefone do Ponto de Contacto Permanente para a Seguran\u00e7a.[Email] Correio Eletr\u00f3nico do Ponto [&hellip;]<\/p>\n","protected":false},"author":2,"featured_media":0,"parent":7136,"menu_order":7,"comment_status":"closed","ping_status":"closed","template":"","meta":{"_et_pb_use_builder":"on","_et_pb_old_content":"","_et_gb_content_width":"","inline_featured_image":false,"footnotes":""},"categories":[2],"tags":[],"class_list":["post-7157","page","type-page","status-publish","hentry","category-sem-categoria"],"aioseo_notices":[],"_links":{"self":[{"href":"https:\/\/saint.groupdpo.com\/pt-pt\/wp-json\/wp\/v2\/pages\/7157","targetHints":{"allow":["GET"]}}],"collection":[{"href":"https:\/\/saint.groupdpo.com\/pt-pt\/wp-json\/wp\/v2\/pages"}],"about":[{"href":"https:\/\/saint.groupdpo.com\/pt-pt\/wp-json\/wp\/v2\/types\/page"}],"author":[{"embeddable":true,"href":"https:\/\/saint.groupdpo.com\/pt-pt\/wp-json\/wp\/v2\/users\/2"}],"replies":[{"embeddable":true,"href":"https:\/\/saint.groupdpo.com\/pt-pt\/wp-json\/wp\/v2\/comments?post=7157"}],"version-history":[{"count":3,"href":"https:\/\/saint.groupdpo.com\/pt-pt\/wp-json\/wp\/v2\/pages\/7157\/revisions"}],"predecessor-version":[{"id":7265,"href":"https:\/\/saint.groupdpo.com\/pt-pt\/wp-json\/wp\/v2\/pages\/7157\/revisions\/7265"}],"up":[{"embeddable":true,"href":"https:\/\/saint.groupdpo.com\/pt-pt\/wp-json\/wp\/v2\/pages\/7136"}],"wp:attachment":[{"href":"https:\/\/saint.groupdpo.com\/pt-pt\/wp-json\/wp\/v2\/media?parent=7157"}],"wp:term":[{"taxonomy":"category","embeddable":true,"href":"https:\/\/saint.groupdpo.com\/pt-pt\/wp-json\/wp\/v2\/categories?post=7157"},{"taxonomy":"post_tag","embeddable":true,"href":"https:\/\/saint.groupdpo.com\/pt-pt\/wp-json\/wp\/v2\/tags?post=7157"}],"curies":[{"name":"wp","href":"https:\/\/api.w.org\/{rel}","templated":true}]}}