{"id":7159,"date":"2023-01-10T09:50:37","date_gmt":"2023-01-10T09:50:37","guid":{"rendered":"https:\/\/saint.groupdpo.com\/inicio\/comunicacao-de-incidentes\/"},"modified":"2025-01-29T16:17:39","modified_gmt":"2025-01-29T16:17:39","slug":"comunicacao-de-incidentes","status":"publish","type":"page","link":"https:\/\/saint.groupdpo.com\/pt-pt\/inicio\/comunicacao-de-incidentes\/","title":{"rendered":"Comunica\u00e7\u00e3o de Incidentes"},"content":{"rendered":"<p>[et_pb_section fb_built=&#8221;1&#8243; _builder_version=&#8221;4.20.0&#8243; _module_preset=&#8221;default&#8221; background_color=&#8221;#ededed&#8221; min_height=&#8221;100vh&#8221; custom_padding=&#8221;195px||||false|false&#8221; global_colors_info=&#8221;{}&#8221; theme_builder_area=&#8221;post_content&#8221;][et_pb_row _builder_version=&#8221;4.19.4&#8243; _module_preset=&#8221;default&#8221; max_width=&#8221;1380px&#8221; custom_margin=&#8221;-1px|auto||auto||&#8221; locked=&#8221;off&#8221; global_colors_info=&#8221;{}&#8221; theme_builder_area=&#8221;post_content&#8221;][et_pb_column type=&#8221;4_4&#8243; _builder_version=&#8221;4.16&#8243; _module_preset=&#8221;default&#8221; global_colors_info=&#8221;{}&#8221; theme_builder_area=&#8221;post_content&#8221;][et_pb_post_title meta=&#8221;off&#8221; featured_image=&#8221;off&#8221; _builder_version=&#8221;4.19.4&#8243; _module_preset=&#8221;default&#8221; title_font=&#8221;Montserrat|700|||||||&#8221; title_text_color=&#8221;#3278ad&#8221; title_font_size=&#8221;55px&#8221; title_line_height=&#8221;1.5em&#8221; title_font_tablet=&#8221;Montserrat|700|||||||&#8221; title_font_phone=&#8221;Montserrat|700|||||||&#8221; title_font_last_edited=&#8221;on|tablet&#8221; title_font_size_tablet=&#8221;62px&#8221; title_font_size_phone=&#8221;52px&#8221; title_font_size_last_edited=&#8221;on|phone&#8221; global_colors_info=&#8221;{}&#8221; title_2_font_size_tablet=&#8221;45px&#8221; title_2_font_size_phone=&#8221;45px&#8221; title_2_font_size_last_edited=&#8221;on|phone&#8221; theme_builder_area=&#8221;post_content&#8221;][\/et_pb_post_title][et_pb_text _builder_version=&#8221;4.20.0&#8243; _module_preset=&#8221;default&#8221; text_font=&#8221;|300|||||||&#8221; text_text_color=&#8221;#6d6d6d&#8221; text_font_size=&#8221;18px&#8221; header_font=&#8221;Alata|700|||||||&#8221; header_text_color=&#8221;#7C1111&#8243; header_font_size=&#8221;62px&#8221; header_line_height=&#8221;1.5em&#8221; header_2_font=&#8221;Montserrat|700|||||||&#8221; header_2_text_color=&#8221;#3278ad&#8221; header_2_font_size=&#8221;55px&#8221; header_2_line_height=&#8221;1.5em&#8221; custom_margin=&#8221;||1px|||&#8221; header_font_tablet=&#8221;&#8221; header_font_phone=&#8221;&#8221; header_font_last_edited=&#8221;on|tablet&#8221; header_font_size_tablet=&#8221;62px&#8221; header_font_size_phone=&#8221;52px&#8221; header_font_size_last_edited=&#8221;on|phone&#8221; header_2_font_size_tablet=&#8221;45px&#8221; header_2_font_size_phone=&#8221;45px&#8221; header_2_font_size_last_edited=&#8221;on|phone&#8221; global_colors_info=&#8221;{}&#8221; theme_builder_area=&#8221;post_content&#8221;]<\/p>\n<p>Caso pretenda comunicar algum incidente de viola\u00e7\u00e3o de dados pessoais, por favor (I) entre em contacto com o Encarregado da Prote\u00e7\u00e3o de Dados atrav\u00e9s de qualquer um dos pontos de contacto dispon\u00edveis ou (II) submeta o Formul\u00e1rio de Comunica\u00e7\u00e3o de Incidentes.<\/p>\n<p>Caso necessite de Ajuda para esse efeito, entre em contacto com o nosso Suporte.<\/p>\n<p>[\/et_pb_text][\/et_pb_column][\/et_pb_row][et_pb_row column_structure=&#8221;1_3,1_3,1_3&#8243; _builder_version=&#8221;4.19.4&#8243; _module_preset=&#8221;default&#8221; max_width=&#8221;1380px&#8221; custom_margin=&#8221;-1px|auto||auto||&#8221; locked=&#8221;off&#8221; global_colors_info=&#8221;{}&#8221; theme_builder_area=&#8221;post_content&#8221;][et_pb_column type=&#8221;1_3&#8243; _builder_version=&#8221;4.16&#8243; _module_preset=&#8221;default&#8221; global_colors_info=&#8221;{}&#8221; theme_builder_area=&#8221;post_content&#8221;][et_pb_blurb title=&#8221;EPD&#8221; url_new_window=&#8221;on&#8221; use_icon=&#8221;on&#8221; font_icon=&#8221;&#xf505;||fa||900&#8243; icon_color=&#8221;#74a6da&#8221; image_icon_width=&#8221;38px&#8221; content_max_width=&#8221;100%&#8221; _builder_version=&#8221;4.27.2&#8243; _module_preset=&#8221;default&#8221; header_font=&#8221;Montserrat||||||||&#8221; header_text_align=&#8221;center&#8221; header_text_color=&#8221;#6d6d6d&#8221; header_font_size=&#8221;20px&#8221; body_font=&#8221;|300|||||||&#8221; body_text_align=&#8221;center&#8221; transform_scale_linked=&#8221;off&#8221; module_alignment=&#8221;center&#8221; link_option_url=&#8221;@ET-DC@eyJkeW5hbWljIjp0cnVlLCJjb250ZW50IjoicG9zdF9saW5rX3VybF9wYWdlIiwic2V0dGluZ3MiOnsicG9zdF9pZCI6IjEzMDEifX0=@&#8221; hover_enabled=&#8221;0&#8243; custom_css_blurb_content=&#8221;width:440px;&#8221; locked=&#8221;off&#8221; global_colors_info=&#8221;{}&#8221; custom_css_blurb_content_tablet=&#8221;width:auto;&#8221; custom_css_blurb_content_phone=&#8221;width:auto;&#8221; custom_css_blurb_content_last_edited=&#8221;on|phone&#8221; theme_builder_area=&#8221;post_content&#8221; _dynamic_attributes=&#8221;link_option_url&#8221; sticky_enabled=&#8221;0&#8243;][\/et_pb_blurb][\/et_pb_column][et_pb_column type=&#8221;1_3&#8243; _builder_version=&#8221;4.16&#8243; _module_preset=&#8221;default&#8221; global_colors_info=&#8221;{}&#8221; theme_builder_area=&#8221;post_content&#8221;][et_pb_blurb title=&#8221;Formul\u00e1rio&#8221; url_new_window=&#8221;on&#8221; use_icon=&#8221;on&#8221; font_icon=&#8221;&#xf46c;||fa||900&#8243; icon_color=&#8221;#74a6da&#8221; image_icon_width=&#8221;38px&#8221; content_max_width=&#8221;100%&#8221; _builder_version=&#8221;4.20.0&#8243; _module_preset=&#8221;default&#8221; header_font=&#8221;Montserrat||||||||&#8221; header_text_align=&#8221;center&#8221; header_text_color=&#8221;#6d6d6d&#8221; header_font_size=&#8221;20px&#8221; body_font=&#8221;|300|||||||&#8221; body_text_align=&#8221;center&#8221; transform_scale_linked=&#8221;off&#8221; module_alignment=&#8221;center&#8221; link_option_url_new_window=&#8221;on&#8221; custom_css_blurb_content=&#8221;width:440px;&#8221; locked=&#8221;off&#8221; global_colors_info=&#8221;{}&#8221; custom_css_blurb_content_tablet=&#8221;width:auto;&#8221; custom_css_blurb_content_phone=&#8221;width:auto;&#8221; custom_css_blurb_content_last_edited=&#8221;on|phone&#8221; theme_builder_area=&#8221;post_content&#8221;][\/et_pb_blurb][\/et_pb_column][et_pb_column type=&#8221;1_3&#8243; _builder_version=&#8221;4.16&#8243; _module_preset=&#8221;default&#8221; global_colors_info=&#8221;{}&#8221; theme_builder_area=&#8221;post_content&#8221;][et_pb_blurb title=&#8221;Suporte&#8221; url_new_window=&#8221;on&#8221; use_icon=&#8221;on&#8221; font_icon=&#8221;&#xf590;||fa||900&#8243; icon_color=&#8221;#74a6da&#8221; image_icon_width=&#8221;38px&#8221; content_max_width=&#8221;100%&#8221; _builder_version=&#8221;4.20.0&#8243; _module_preset=&#8221;default&#8221; header_font=&#8221;Montserrat||||||||&#8221; header_text_align=&#8221;center&#8221; header_text_color=&#8221;#6d6d6d&#8221; header_font_size=&#8221;20px&#8221; body_font=&#8221;|300|||||||&#8221; body_text_align=&#8221;center&#8221; transform_scale_linked=&#8221;off&#8221; module_alignment=&#8221;center&#8221; link_option_url=&#8221;\/support\/&#8221; link_option_url_new_window=&#8221;on&#8221; custom_css_blurb_content=&#8221;width:440px;&#8221; locked=&#8221;off&#8221; global_colors_info=&#8221;{}&#8221; custom_css_blurb_content_tablet=&#8221;width:auto;&#8221; custom_css_blurb_content_phone=&#8221;width:auto;&#8221; custom_css_blurb_content_last_edited=&#8221;on|phone&#8221; theme_builder_area=&#8221;post_content&#8221;][\/et_pb_blurb][\/et_pb_column][\/et_pb_row][\/et_pb_section]<\/p>\n","protected":false},"excerpt":{"rendered":"<p>Caso pretenda comunicar algum incidente de viola\u00e7\u00e3o de dados pessoais, por favor (I) entre em contacto com o Encarregado da Prote\u00e7\u00e3o de Dados atrav\u00e9s de qualquer um dos pontos de contacto dispon\u00edveis ou (II) submeta o Formul\u00e1rio de Comunica\u00e7\u00e3o de Incidentes. Caso necessite de Ajuda para esse efeito, entre em contacto com o nosso Suporte.<\/p>\n","protected":false},"author":2,"featured_media":0,"parent":7136,"menu_order":10,"comment_status":"closed","ping_status":"closed","template":"","meta":{"_et_pb_use_builder":"on","_et_pb_old_content":"","_et_gb_content_width":"","inline_featured_image":false,"footnotes":""},"categories":[2],"tags":[],"class_list":["post-7159","page","type-page","status-publish","hentry","category-sem-categoria"],"aioseo_notices":[],"_links":{"self":[{"href":"https:\/\/saint.groupdpo.com\/pt-pt\/wp-json\/wp\/v2\/pages\/7159","targetHints":{"allow":["GET"]}}],"collection":[{"href":"https:\/\/saint.groupdpo.com\/pt-pt\/wp-json\/wp\/v2\/pages"}],"about":[{"href":"https:\/\/saint.groupdpo.com\/pt-pt\/wp-json\/wp\/v2\/types\/page"}],"author":[{"embeddable":true,"href":"https:\/\/saint.groupdpo.com\/pt-pt\/wp-json\/wp\/v2\/users\/2"}],"replies":[{"embeddable":true,"href":"https:\/\/saint.groupdpo.com\/pt-pt\/wp-json\/wp\/v2\/comments?post=7159"}],"version-history":[{"count":3,"href":"https:\/\/saint.groupdpo.com\/pt-pt\/wp-json\/wp\/v2\/pages\/7159\/revisions"}],"predecessor-version":[{"id":7271,"href":"https:\/\/saint.groupdpo.com\/pt-pt\/wp-json\/wp\/v2\/pages\/7159\/revisions\/7271"}],"up":[{"embeddable":true,"href":"https:\/\/saint.groupdpo.com\/pt-pt\/wp-json\/wp\/v2\/pages\/7136"}],"wp:attachment":[{"href":"https:\/\/saint.groupdpo.com\/pt-pt\/wp-json\/wp\/v2\/media?parent=7159"}],"wp:term":[{"taxonomy":"category","embeddable":true,"href":"https:\/\/saint.groupdpo.com\/pt-pt\/wp-json\/wp\/v2\/categories?post=7159"},{"taxonomy":"post_tag","embeddable":true,"href":"https:\/\/saint.groupdpo.com\/pt-pt\/wp-json\/wp\/v2\/tags?post=7159"}],"curies":[{"name":"wp","href":"https:\/\/api.w.org\/{rel}","templated":true}]}}